{"id":650,"date":"2021-05-22T10:25:55","date_gmt":"2021-05-22T10:25:55","guid":{"rendered":"http:\/\/www.rudnik.co.rs\/english\/?page_id=650"},"modified":"2024-03-24T22:06:50","modified_gmt":"2024-03-24T22:06:50","slug":"military-technical-institute","status":"publish","type":"page","link":"https:\/\/www.rudnik.co.rs\/english\/military-technical-institute\/","title":{"rendered":"ARSENAL"},"content":{"rendered":"\n<p>INDUSTRIAL HERITAGE RENEWAL  \/ OLD Military Technical Institute KRAGUJEVAC<\/p>\n\n\n\n<figure class=\"wp-block-image\"><img decoding=\"async\" loading=\"lazy\" width=\"1024\" height=\"806\" src=\"https:\/\/www.rudnik.co.rs\/english\/wp-content\/uploads\/2021\/05\/Vojno-tehnicki-zavod-PANORAMSKI-PLAN-1024x806.jpg\" alt=\"\" class=\"wp-image-651\" srcset=\"https:\/\/www.rudnik.co.rs\/english\/wp-content\/uploads\/2021\/05\/Vojno-tehnicki-zavod-PANORAMSKI-PLAN-1024x806.jpg 1024w, https:\/\/www.rudnik.co.rs\/english\/wp-content\/uploads\/2021\/05\/Vojno-tehnicki-zavod-PANORAMSKI-PLAN-300x236.jpg 300w, https:\/\/www.rudnik.co.rs\/english\/wp-content\/uploads\/2021\/05\/Vojno-tehnicki-zavod-PANORAMSKI-PLAN-768x604.jpg 768w, https:\/\/www.rudnik.co.rs\/english\/wp-content\/uploads\/2021\/05\/Vojno-tehnicki-zavod-PANORAMSKI-PLAN-600x472.jpg 600w\" sizes=\"(max-width: 1024px) 100vw, 1024px\" \/><figcaption class=\"wp-element-caption\">  Immovable cultural property of exceptional importance  <\/figcaption><\/figure>\n\n\n\n<p> There are 151 facilities within the Arsenal complex.  <\/p>\n\n\n\n<p>I dealt with the topic of  remodeling of the Arsenal protected zone as a part of research for magister thesis, with a series of lectures held through the Serbian Chamber of Engineers, on which occasion I wrote a book with international examples of approaches to the renewal of such zones, which was awarded at the 2016 Salon of Urbanism  <a href=\"http:\/\/www.uus.org.rs\/uploads\/37241\/documents\/25_Salon_Izve%C5%A1taj_%C5%BEirija.pdf\">http:\/\/www.uus.org.rs\/uploads\/37241\/documents\/25_Salon_Izve%C5%A1taj_%C5%BEirija.pdf<\/a><\/p>\n\n\n\n<p>Modern approaches to solving the problem of urban renewal require the necessary steps for making important decisions for both investors and urban planners, who without previous Reconstruction Assessment Studies (Studio Rudnik made research Study for Arsenal)  may not be able to adequately approach planning, which would meet all necessary interests equal public ( the state and the city of Kragujevac) as well as the interest of the companies and investment funds that are willing to invest in the city of Kragujevac. <\/p>\n\n\n\n<p>Studio RUDA (* Aleksandar Rudnik Milanovic as founder and chief designer) created architectural remodelation for the International Architectural Competition for Reconstruction on Knezev Arsenal in Kragujevac<\/p>\n\n\n\n<figure class=\"wp-block-image size-large\"><a href=\"https:\/\/www.rudnik.co.rs\/english\/wp-content\/uploads\/2024\/03\/VTZ1-Rudnik.jpg\"><img decoding=\"async\" loading=\"lazy\" width=\"1024\" height=\"576\" src=\"https:\/\/www.rudnik.co.rs\/english\/wp-content\/uploads\/2024\/03\/VTZ1-Rudnik-1024x576.jpg\" alt=\"\" class=\"wp-image-1091\" srcset=\"https:\/\/www.rudnik.co.rs\/english\/wp-content\/uploads\/2024\/03\/VTZ1-Rudnik-1024x576.jpg 1024w, https:\/\/www.rudnik.co.rs\/english\/wp-content\/uploads\/2024\/03\/VTZ1-Rudnik-300x169.jpg 300w, https:\/\/www.rudnik.co.rs\/english\/wp-content\/uploads\/2024\/03\/VTZ1-Rudnik-768x432.jpg 768w, https:\/\/www.rudnik.co.rs\/english\/wp-content\/uploads\/2024\/03\/VTZ1-Rudnik-600x338.jpg 600w, https:\/\/www.rudnik.co.rs\/english\/wp-content\/uploads\/2024\/03\/VTZ1-Rudnik-1536x864.jpg 1536w, https:\/\/www.rudnik.co.rs\/english\/wp-content\/uploads\/2024\/03\/VTZ1-Rudnik.jpg 1920w\" sizes=\"(max-width: 1024px) 100vw, 1024px\" \/><\/a><\/figure>\n\n\n\n<p>A postcards from the begging of the 20 century and the buildings that were on site with the roof that was design precisely for the manufacturing process that were held in them<\/p>\n\n\n\n<figure class=\"wp-block-image size-large is-resized\"><a href=\"https:\/\/www.rudnik.co.rs\/english\/wp-content\/uploads\/2024\/03\/1-scaled.jpg\"><img decoding=\"async\" loading=\"lazy\" width=\"1024\" height=\"682\" src=\"https:\/\/www.rudnik.co.rs\/english\/wp-content\/uploads\/2024\/03\/1-1024x682.jpg\" alt=\"\" class=\"wp-image-1092\" style=\"aspect-ratio:1.5004233700254022;width:840px;height:auto\" srcset=\"https:\/\/www.rudnik.co.rs\/english\/wp-content\/uploads\/2024\/03\/1-1024x682.jpg 1024w, https:\/\/www.rudnik.co.rs\/english\/wp-content\/uploads\/2024\/03\/1-300x200.jpg 300w, https:\/\/www.rudnik.co.rs\/english\/wp-content\/uploads\/2024\/03\/1-768x512.jpg 768w, https:\/\/www.rudnik.co.rs\/english\/wp-content\/uploads\/2024\/03\/1-600x400.jpg 600w, https:\/\/www.rudnik.co.rs\/english\/wp-content\/uploads\/2024\/03\/1-1536x1024.jpg 1536w, https:\/\/www.rudnik.co.rs\/english\/wp-content\/uploads\/2024\/03\/1-2048x1365.jpg 2048w, https:\/\/www.rudnik.co.rs\/english\/wp-content\/uploads\/2024\/03\/1-2000x1333.jpg 2000w\" sizes=\"(max-width: 1024px) 100vw, 1024px\" \/><\/a><\/figure>\n\n\n\n<p>The location of the  Knezev Arsenal in Kragujevac as natural extension of  Milosev Venac protected area  needs a physical connection between those two part of the embankment of the river Lepenica  which was resolved with &#8221; Reconciliation Bridge &#8221; as a part of historically needed process of reconciliation of the two Serbian Royal dynasties Kara\u0111or\u0111evi\u0107 and Obrenovi\u0107 <\/p>\n\n\n\n<figure class=\"wp-block-image size-large\"><a href=\"https:\/\/www.rudnik.co.rs\/english\/wp-content\/uploads\/2024\/03\/Rudnik-RB-1-scaled.jpg\"><img decoding=\"async\" loading=\"lazy\" width=\"1024\" height=\"576\" src=\"https:\/\/www.rudnik.co.rs\/english\/wp-content\/uploads\/2024\/03\/Rudnik-RB-1-1024x576.jpg\" alt=\"\" class=\"wp-image-1093\" srcset=\"https:\/\/www.rudnik.co.rs\/english\/wp-content\/uploads\/2024\/03\/Rudnik-RB-1-1024x576.jpg 1024w, https:\/\/www.rudnik.co.rs\/english\/wp-content\/uploads\/2024\/03\/Rudnik-RB-1-300x169.jpg 300w, https:\/\/www.rudnik.co.rs\/english\/wp-content\/uploads\/2024\/03\/Rudnik-RB-1-768x432.jpg 768w, https:\/\/www.rudnik.co.rs\/english\/wp-content\/uploads\/2024\/03\/Rudnik-RB-1-600x337.jpg 600w, https:\/\/www.rudnik.co.rs\/english\/wp-content\/uploads\/2024\/03\/Rudnik-RB-1-1536x864.jpg 1536w, https:\/\/www.rudnik.co.rs\/english\/wp-content\/uploads\/2024\/03\/Rudnik-RB-1-2048x1151.jpg 2048w, https:\/\/www.rudnik.co.rs\/english\/wp-content\/uploads\/2024\/03\/Rudnik-RB-1-2000x1124.jpg 2000w\" sizes=\"(max-width: 1024px) 100vw, 1024px\" \/><\/a><\/figure>\n\n\n\n<p>A special part of renewal was proposal for one of the main building at the Knezev Arsenal called Machinery room that needs a deep research before making any proposal because the fact is that those buildings was not present in that form at the site and the Institute for the protection of immovable heritage put the newest transformed version that is present now  as official protected  building at the Serbia&#8217;s heritage list. <\/p>\n\n\n\n<figure class=\"wp-block-image size-large\"><a href=\"https:\/\/www.rudnik.co.rs\/english\/wp-content\/uploads\/2024\/03\/MB-Rudnik-scaled.jpg\"><img decoding=\"async\" loading=\"lazy\" width=\"1024\" height=\"461\" src=\"https:\/\/www.rudnik.co.rs\/english\/wp-content\/uploads\/2024\/03\/MB-Rudnik-1024x461.jpg\" alt=\"\" class=\"wp-image-1094\" srcset=\"https:\/\/www.rudnik.co.rs\/english\/wp-content\/uploads\/2024\/03\/MB-Rudnik-1024x461.jpg 1024w, https:\/\/www.rudnik.co.rs\/english\/wp-content\/uploads\/2024\/03\/MB-Rudnik-300x135.jpg 300w, https:\/\/www.rudnik.co.rs\/english\/wp-content\/uploads\/2024\/03\/MB-Rudnik-768x346.jpg 768w, https:\/\/www.rudnik.co.rs\/english\/wp-content\/uploads\/2024\/03\/MB-Rudnik-600x270.jpg 600w, https:\/\/www.rudnik.co.rs\/english\/wp-content\/uploads\/2024\/03\/MB-Rudnik-1536x691.jpg 1536w, https:\/\/www.rudnik.co.rs\/english\/wp-content\/uploads\/2024\/03\/MB-Rudnik-2048x922.jpg 2048w, https:\/\/www.rudnik.co.rs\/english\/wp-content\/uploads\/2024\/03\/MB-Rudnik-2000x900.jpg 2000w\" sizes=\"(max-width: 1024px) 100vw, 1024px\" \/><\/a><\/figure>\n\n\n\n<p>Remodeling consider  revitalization the old strcutrure and their from as extension of the exiting level with three towers above the old left wing at the Machinery room <\/p>\n\n\n\n<figure class=\"wp-block-image size-large\"><a href=\"https:\/\/www.rudnik.co.rs\/english\/wp-content\/uploads\/2024\/03\/Rudnik-MB-scaled.jpg\"><img decoding=\"async\" loading=\"lazy\" width=\"1024\" height=\"576\" src=\"https:\/\/www.rudnik.co.rs\/english\/wp-content\/uploads\/2024\/03\/Rudnik-MB-1024x576.jpg\" alt=\"\" class=\"wp-image-1095\" srcset=\"https:\/\/www.rudnik.co.rs\/english\/wp-content\/uploads\/2024\/03\/Rudnik-MB-1024x576.jpg 1024w, https:\/\/www.rudnik.co.rs\/english\/wp-content\/uploads\/2024\/03\/Rudnik-MB-300x169.jpg 300w, https:\/\/www.rudnik.co.rs\/english\/wp-content\/uploads\/2024\/03\/Rudnik-MB-768x432.jpg 768w, https:\/\/www.rudnik.co.rs\/english\/wp-content\/uploads\/2024\/03\/Rudnik-MB-600x337.jpg 600w, https:\/\/www.rudnik.co.rs\/english\/wp-content\/uploads\/2024\/03\/Rudnik-MB-1536x864.jpg 1536w, https:\/\/www.rudnik.co.rs\/english\/wp-content\/uploads\/2024\/03\/Rudnik-MB-2048x1151.jpg 2048w, https:\/\/www.rudnik.co.rs\/english\/wp-content\/uploads\/2024\/03\/Rudnik-MB-2000x1124.jpg 2000w\" sizes=\"(max-width: 1024px) 100vw, 1024px\" \/><\/a><\/figure>\n\n\n\n<p>A view from the <em>Charles Loubry<\/em> Square <\/p>\n\n\n\n<figure class=\"wp-block-image size-large\"><a href=\"https:\/\/www.rudnik.co.rs\/english\/wp-content\/uploads\/2024\/03\/Rudnik-MB2-scaled.jpg\"><img decoding=\"async\" loading=\"lazy\" width=\"1024\" height=\"576\" src=\"https:\/\/www.rudnik.co.rs\/english\/wp-content\/uploads\/2024\/03\/Rudnik-MB2-1024x576.jpg\" alt=\"\" class=\"wp-image-1096\" srcset=\"https:\/\/www.rudnik.co.rs\/english\/wp-content\/uploads\/2024\/03\/Rudnik-MB2-1024x576.jpg 1024w, https:\/\/www.rudnik.co.rs\/english\/wp-content\/uploads\/2024\/03\/Rudnik-MB2-300x169.jpg 300w, https:\/\/www.rudnik.co.rs\/english\/wp-content\/uploads\/2024\/03\/Rudnik-MB2-768x432.jpg 768w, https:\/\/www.rudnik.co.rs\/english\/wp-content\/uploads\/2024\/03\/Rudnik-MB2-600x337.jpg 600w, https:\/\/www.rudnik.co.rs\/english\/wp-content\/uploads\/2024\/03\/Rudnik-MB2-1536x864.jpg 1536w, https:\/\/www.rudnik.co.rs\/english\/wp-content\/uploads\/2024\/03\/Rudnik-MB2-2048x1151.jpg 2048w, https:\/\/www.rudnik.co.rs\/english\/wp-content\/uploads\/2024\/03\/Rudnik-MB2-2000x1124.jpg 2000w\" sizes=\"(max-width: 1024px) 100vw, 1024px\" \/><\/a><\/figure>\n\n\n\n<p>A view from the Museum Old Foundry<\/p>\n","protected":false},"excerpt":{"rendered":"<p>INDUSTRIAL HERITAGE RENEWAL \/ OLD Military Technical Institute KRAGUJEVAC There are 151 facilities within the Arsenal complex. I dealt with the topic of remodeling of the Arsenal protected zone as a part of research for magister thesis, with a series of lectures held through the Serbian Chamber of Engineers, on which occasion I wrote a &hellip; <\/p>\n<p class=\"link-more\"><a href=\"https:\/\/www.rudnik.co.rs\/english\/military-technical-institute\/\" class=\"more-link\">Read more<span class=\"screen-reader-text\"> &#8220;ARSENAL&#8221;<\/span><\/a><\/p>\n","protected":false},"author":1,"featured_media":0,"parent":0,"menu_order":0,"comment_status":"closed","ping_status":"closed","template":"","meta":{"jetpack_post_was_ever_published":false,"footnotes":""},"jetpack_sharing_enabled":true,"jetpack_shortlink":"https:\/\/wp.me\/P9q5w0-au","_links":{"self":[{"href":"https:\/\/www.rudnik.co.rs\/english\/wp-json\/wp\/v2\/pages\/650"}],"collection":[{"href":"https:\/\/www.rudnik.co.rs\/english\/wp-json\/wp\/v2\/pages"}],"about":[{"href":"https:\/\/www.rudnik.co.rs\/english\/wp-json\/wp\/v2\/types\/page"}],"author":[{"embeddable":true,"href":"https:\/\/www.rudnik.co.rs\/english\/wp-json\/wp\/v2\/users\/1"}],"replies":[{"embeddable":true,"href":"https:\/\/www.rudnik.co.rs\/english\/wp-json\/wp\/v2\/comments?post=650"}],"version-history":[{"count":19,"href":"https:\/\/www.rudnik.co.rs\/english\/wp-json\/wp\/v2\/pages\/650\/revisions"}],"predecessor-version":[{"id":1100,"href":"https:\/\/www.rudnik.co.rs\/english\/wp-json\/wp\/v2\/pages\/650\/revisions\/1100"}],"wp:attachment":[{"href":"https:\/\/www.rudnik.co.rs\/english\/wp-json\/wp\/v2\/media?parent=650"}],"curies":[{"name":"wp","href":"https:\/\/api.w.org\/{rel}","templated":true}]}}